{"id":745,"date":"2009-12-16T19:51:22","date_gmt":"2009-12-16T18:51:22","guid":{"rendered":"http:\/\/www.jz-heubach.de\/blog2\/?page_id=745"},"modified":"2025-12-07T08:35:36","modified_gmt":"2025-12-07T07:35:36","slug":"dantrager","status":"publish","type":"page","link":"https:\/\/www.jz-heubach.de\/blog2\/leute\/dantrager\/","title":{"rendered":"Dantr\u00e4ger"},"content":{"rendered":"\n<h3 class=\"wp-block-heading\">6. Dan (Roku-Dan)<\/h3>\n\n\n\n<p>Aschman, Klaus \u271d\ufe0f<\/p>\n\n\n\n<h3 class=\"wp-block-heading\">5. Dan (Go-Dan)<\/h3>\n\n\n\n<p>Barth Heike<br \/>Hanke, Martina<br \/>Bernhard, Erwin<br \/>Albrecht, Sven<\/p>\n\n\n\n<h3 class=\"wp-block-heading\">4. Dan (Yon-Dan)<\/h3>\n\n\n\n<h3 class=\"wp-block-heading\">3. Dan (San-Dan)<\/h3>\n\n\n\n<p>Simon, Frank<br \/>Weckerle, Simon<br \/>B\u00f6hm, Alina<br \/>Reitzig, Jonas<br \/>Wirth, Tobias<br \/>Graf, Peter<\/p>\n\n\n\n<h3 class=\"wp-block-heading\">2. Dan (Ni-Dan)<\/h3>\n\n\n\n<p>B\u00fchler, Frieder<br \/>M\u00fcller, Hannah<br \/>Pelzer, Philipp<br \/>Rauh, Patrick<br \/>Walch, Michael<br \/>Klein , Kai<br \/>Necker, Henning<br \/>Schmid, Lea<br \/>Wirth, Mirjam<\/p>\n\n\n\n<h3 class=\"wp-block-heading\">1. Dan (Sho-Dan)<\/h3>\n\n\n\n<p>Ahmatov, Nikita<br \/>Aschmann, Marc<br \/>Bozkurt, Selin<br \/>Bozkurt, Sila<br \/>Bernhard, Clemens<br \/>Bernhard, Klaus<br \/>Bolter, Julian<br \/>B\u00f6hm, Anika<br \/>Brenner, Julian<br \/>Br\u00fctting, Frederick<br \/>Br\u00fctting, Sebastian<br \/>Dambacher, Matthias<br \/>Dangelmaier, Simon<br \/>De Luca, Leandro<br \/>Dennochweiler, Emily<br \/>Dittbrenner, Susanne<br \/>Dudik, Sevalad<br \/>Gentner, Sara<br \/>Hanke, Katrin<br \/>Klein, Desir\u00e9e<br \/>Klein, Jordi<br \/>Koch, Sven<br \/>Kohler, Erik<br \/>Kohler, Felix<br \/>Kohler, Axel<br \/>Kreuder, Tom<br \/>Krischke, Pascal<br \/>Majer, Carola \u271d\ufe0f<br \/>M\u00e4dger, Frederik<br \/>Majer, Steffen<br \/>Miensok, Felix<br \/>M\u00fcller, Jasmina<br \/>Nierescher, R\u00fcdiger<br \/>Ocker, Martina<br \/>Salzmann, Markus<br \/>Schmid, Simeon<br \/>Schmid, Sophia<br \/>Schmid, Lennard<br \/>Schubert, Rotraud<br \/>Schuster, Melissa<br \/>Simon, Samuel<br \/>Sor\u00e9, No\u00e8mie<br \/>Stegmaier, Demian<br \/>Steiner, Claudia<br \/>Velispahic, Anes<br \/>W\u00f6hrl, Franz<br \/>Wiest, Johannes<br \/>Wirth, Mirjam<\/p>\n","protected":false},"excerpt":{"rendered":"<p>6. Dan (Roku-Dan) Aschman, Klaus \u271d\ufe0f 5. Dan (Go-Dan) Barth HeikeHanke, MartinaBernhard, ErwinAlbrecht, Sven 4. Dan (Yon-Dan) 3. Dan (San-Dan) Simon, FrankWeckerle, SimonB\u00f6hm, AlinaReitzig, JonasWirth, TobiasGraf, Peter 2. Dan (Ni-Dan) B\u00fchler, FriederM\u00fcller, HannahPelzer, PhilippRauh, PatrickWalch, MichaelKlein , KaiNecker, HenningSchmid, LeaWirth, Mirjam 1. Dan (Sho-Dan) Ahmatov, NikitaAschmann, MarcBozkurt, SelinBozkurt, SilaBernhard, ClemensBernhard, KlausBolter, JulianB\u00f6hm, AnikaBrenner, JulianBr\u00fctting, FrederickBr\u00fctting, &hellip; <a href=\"https:\/\/www.jz-heubach.de\/blog2\/leute\/dantrager\/\" class=\"more-link\"><span class=\"screen-reader-text\">Dantr\u00e4ger<\/span> weiterlesen <span class=\"meta-nav\">&rarr;<\/span><\/a><\/p>\n","protected":false},"author":1,"featured_media":0,"parent":9,"menu_order":50,"comment_status":"closed","ping_status":"closed","template":"","meta":{"footnotes":""},"class_list":["post-745","page","type-page","status-publish","hentry"],"publishpress_future_action":{"enabled":false,"date":"2026-04-22 02:55:59","action":"change-status","newStatus":"draft","terms":[],"taxonomy":"","extraData":[]},"publishpress_future_workflow_manual_trigger":{"enabledWorkflows":[]},"_links":{"self":[{"href":"https:\/\/www.jz-heubach.de\/blog2\/wp-json\/wp\/v2\/pages\/745","targetHints":{"allow":["GET"]}}],"collection":[{"href":"https:\/\/www.jz-heubach.de\/blog2\/wp-json\/wp\/v2\/pages"}],"about":[{"href":"https:\/\/www.jz-heubach.de\/blog2\/wp-json\/wp\/v2\/types\/page"}],"author":[{"embeddable":true,"href":"https:\/\/www.jz-heubach.de\/blog2\/wp-json\/wp\/v2\/users\/1"}],"replies":[{"embeddable":true,"href":"https:\/\/www.jz-heubach.de\/blog2\/wp-json\/wp\/v2\/comments?post=745"}],"version-history":[{"count":35,"href":"https:\/\/www.jz-heubach.de\/blog2\/wp-json\/wp\/v2\/pages\/745\/revisions"}],"predecessor-version":[{"id":117917,"href":"https:\/\/www.jz-heubach.de\/blog2\/wp-json\/wp\/v2\/pages\/745\/revisions\/117917"}],"up":[{"embeddable":true,"href":"https:\/\/www.jz-heubach.de\/blog2\/wp-json\/wp\/v2\/pages\/9"}],"wp:attachment":[{"href":"https:\/\/www.jz-heubach.de\/blog2\/wp-json\/wp\/v2\/media?parent=745"}],"curies":[{"name":"wp","href":"https:\/\/api.w.org\/{rel}","templated":true}]}}