{"id":380,"date":"2009-06-28T20:21:53","date_gmt":"2009-06-28T19:21:53","guid":{"rendered":"http:\/\/www.jz-heubach.de\/blog2\/?page_id=380"},"modified":"2025-04-06T06:08:17","modified_gmt":"2025-04-06T05:08:17","slug":"das-sind-wir","status":"publish","type":"page","link":"https:\/\/www.jz-heubach.de\/blog2\/das-sind-wir\/","title":{"rendered":"Das sind wir"},"content":{"rendered":"<p>Judo wird in Heubach schon seit den sechziger Jahren betrieben. Seit dem 16.11.94 gibt es mit dem Judozentrum Heubach einen eigenst\u00e4ndigen Sportverein. Zur F\u00f6rderung des \u201cJudonachwuchses\u201d in allen Altersklassen finden regelm\u00e4\u00dfig Anf\u00e4ngerkurse f\u00fcr Jungen und M\u00e4dchen ab 6 Jahren statt, die Judo als Sportart erlernen wollen. Wie auch f\u00fcr \u00e4ltere M\u00e4dchen und Frauen, die vor allem die Selbstverteidigung \u00fcben m\u00f6chten. Zurzeit hat das JZ Heubach um 300 (meist aktive) Mitglieder. Weit \u00fcber 70% davon sind Kinder.<\/p>\n<p>Im Jahr 2011 konnten die Heubacher Judoka in ein neues Dojo umziehen. Die neue Trainingshalle ist an die neu gebaute Rosensteinhalle angebaut und bietet fast doppelt so viel Mattenfl\u00e4che wie das alte Dojo.<\/p>\n<p>Gute Beherrschung der Grundtechniken und st\u00e4ndiges \u00dcben f\u00fchren nat\u00fcrlich auch zu Erfolgen. In der kurzen Zeit des Bestehens konnte das JZ Heubach \u00fcber 250\u00a0Landesmeister stellen und von der U10 bis zur U21 und den Erwachsenen in allen Altersklassen die Landesmeisterschaft erringen. Doch auch \u00fcber W\u00fcrttemberg hinaus sind Heubacher Judoka erfolgreich. Mehrere Platzierungen bei Deutschen Meisterschaften konnten erreicht werden.<\/p>\n<p>Die M\u00e4nnermannschaft des JZ Heubach ist im Jahr 2011 als Meister der Landesliga Nord in die W\u00fcrttembergliga aufgestiegen. Die Frauenmannschaft konnte schon mehrfach Sieger der W\u00fcrttembergliga werden und nahm 2005 an den Aufstiegk\u00e4mpfen zur 2. Bundesliga teil.<\/p>\n<p>Heubacher Spitzenathleten verst\u00e4rken Mannschaften der ersten und zweiten Bundesliga (Backnang, Karlsruhe,\u00a0 G\u00f6ppingen).<\/p>\n<p>Das JZH richtet jedes Jahr einige Turniere und Meisterschaften aus, darunter das Rosensteinpokalturnier. Die Heubacher Judoka stehen bei fast allen Meisterschaften und vielen Turnieren als K\u00e4mpfer auf der Matte. Aber auch als Kampfrichter sind die Judoka des Judozentrums aktiv. Auf allen Ebenen, vom Jugendkampfrichter bis zur A-Lizenz, sind Heubacher Kampfrichter im Verband vertreten<\/p>\n<p>Der Vorstand:<\/p>\n<ul>\n<li>Vorsitzender:\u00a0Peter Graf<\/li>\n<li>stellvertretender Vorsitzender:\u00a0Erwin Bernhard<\/li>\n<li>Schatzmeister: Emily Dennochweiler<\/li>\n<\/ul>\n<p>Ausschuss:<\/p>\n<ul>\n<li>Feste und Bewirtung: Melanie Jaumann<\/li>\n<li>Vertreter der Jugendtrainer: Sven Albrecht<\/li>\n<li>Jugendvertreter: Axel und Felix Kohler<\/li>\n<li>Aktiventrainer:\u00a0Sven Albrecht<\/li>\n<li>Freizeitgruppe: Wolfgang Sporer Miensok<\/li>\n<li>Frauenvertreterin: Martina Hanke<\/li>\n<\/ul>\n<h2>Roots<\/h2>\n<p>1964 kam <strong>Helmut Scherzberg<\/strong> aus Hessen nach Heubach und brachte neben den Schreibwaren auch das Judo mit. Einige junge Heubacher f\u00fchlten sich sofort angesprochen, darunter <strong>Frieder B\u00fchler<\/strong> und <strong>Dietmar Knoll<\/strong>.<\/p>\n<p>Zum Training schlossen sie sich der Boxabteilung des TSV Heubach an und trainierten mangels einer Matte im Boxring.<\/p>\n<p>Im Februar 1966 wurde eine Judoabteilung gegr\u00fcndet und eine Matte erbettelt. Erster Abteilungsleiter war <strong>Otto Hilsenbeck<\/strong>, das Training leiteten Helmut Scherzberg und Dietmar Knoll.<\/p>\n<p>Von 1968 bis 1972 \u00fcbernahm Helmut Scherzberg die Abteilungsleitung, Dietmar Knoll\u00a0 \u00fcbernahm immer mehr die Trainingsarbeit.<\/p>\n<p>Ende 1972 stand die Judoabteilung kurz vor dem Aus. Frieder B\u00fchler k\u00e4mpfte inzwischen in der Bundesligamannschaft von Fellbach, H.Scherzberg und D.Knoll waren beruflich zu sehr eingespannt.<\/p>\n<p>1973 \u00fcbernahm ich die Judoabteilung mit 25 Mitgliedern. Dietmar Knoll \u00fcbernahm das Training und langsam aber stetig ging es aufw\u00e4rts. Die ersten Erfolge stellten sich ein, <strong>Stefan Wiesenfarth<\/strong> wurde Landesmeister, <strong>Wolfgang B\u00f6hm, Sandra Gerber, Martina Bernhard<\/strong> und einige andere fanden sich in den Bestenlisten des Landes.<\/p>\n<p>Vor jedem Training und zum Abschlu\u00df mu\u00dften im Gymnastikraum der Stadthalle die Matten auf- und abgebaut werden. <strong>Ralf, Pit und Theo<\/strong> taten sich dabei immer besonders hervor. Zu dieser Zeit (1978) tauchte ein Herlikofer <strong>(Aschi)<\/strong> in Heubach auf. Bisher hatte er bei Karlsruhe und Lohr in der Bundesliga gek\u00e4mpft, inzwischen war er in Heubach heimisch geworden und verst\u00e4rkte die Bezirksligamannschaft (meist im Schwergewicht mit 70kg) und \u00fcbernahm das Seniorentraining.<\/p>\n<p>Eine Freizeitgruppe wurde gegr\u00fcndet, Selbstverteidigungskurse durchgef\u00fchrt, 3 Matten angeschafft, Turniere auf Landesebene veranstaltet, Vereinsmeisterschaften und Feiern durchgef\u00fchrt. Ein H\u00f6hepunkt war der Besuch in der Partnerstadt Laxou.<\/p>\n<p>Dietmar Knoll engagierte sich sehr stark, t\u00e4glich trainierte er einzelne Jugendgruppen. Unterst\u00fctzt wurde er von Frieder B\u00fchler, der das A-Jugend Training \u00fcbernahm.<\/p>\n<p>Die Erfolge stellten sich weiter ein. <strong>Martina Bernhard<\/strong> wurde <strong>Deutsche Meisterin<\/strong>. Namen wie <strong>Funk, B\u00f6hm, Richter, Hein<\/strong>, u.s.w. tauchten in den Siegerlisten auf.<\/p>\n<p>1985 \u00fcbernahm Frieder B\u00fchler die Judoabteilung. Es ging weiter aufw\u00e4rts. Dietmar Knoll \u00fcbergab 1985 nach 20j\u00e4hriger Trainert\u00e4tigkeit den Nachwuchsleistungssport\u00a0 an Klaus Aschmann, der heute noch dieses Amt aktiv und produktiv aus\u00fcbt.<\/p>\n<p>Unter der Leitung von \u201cAschi\u201d wurde 1995 die Judoabteilung aus dem TSV Heubach herausgel\u00f6st und das <strong>Judozentrum Heubach <\/strong>als eigenst\u00e4ndiger Verein gegr\u00fcndet. Inzwischen hat der Verein beinahe 250 Mitglieder und ist erfolgreicher denn je.<\/p>\n<p>Dez. 99, Werner Reu\u00df<\/p>\n","protected":false},"excerpt":{"rendered":"<p>Judo wird in Heubach schon seit den sechziger Jahren betrieben. Seit dem 16.11.94 gibt es mit dem Judozentrum Heubach einen eigenst\u00e4ndigen Sportverein. Zur F\u00f6rderung des \u201cJudonachwuchses\u201d in allen Altersklassen finden regelm\u00e4\u00dfig Anf\u00e4ngerkurse f\u00fcr Jungen und M\u00e4dchen ab 6 Jahren statt, die Judo als Sportart erlernen wollen. Wie auch f\u00fcr \u00e4ltere M\u00e4dchen und Frauen, die vor &hellip; <a href=\"https:\/\/www.jz-heubach.de\/blog2\/das-sind-wir\/\" class=\"more-link\"><span class=\"screen-reader-text\">Das sind wir<\/span> weiterlesen <span class=\"meta-nav\">&rarr;<\/span><\/a><\/p>\n","protected":false},"author":1,"featured_media":0,"parent":0,"menu_order":50,"comment_status":"closed","ping_status":"closed","template":"","meta":{"footnotes":""},"class_list":["post-380","page","type-page","status-publish","hentry"],"publishpress_future_action":{"enabled":false,"date":"2026-05-10 18:19:47","action":"change-status","newStatus":"draft","terms":[],"taxonomy":"","extraData":[]},"publishpress_future_workflow_manual_trigger":{"enabledWorkflows":[]},"_links":{"self":[{"href":"https:\/\/www.jz-heubach.de\/blog2\/wp-json\/wp\/v2\/pages\/380","targetHints":{"allow":["GET"]}}],"collection":[{"href":"https:\/\/www.jz-heubach.de\/blog2\/wp-json\/wp\/v2\/pages"}],"about":[{"href":"https:\/\/www.jz-heubach.de\/blog2\/wp-json\/wp\/v2\/types\/page"}],"author":[{"embeddable":true,"href":"https:\/\/www.jz-heubach.de\/blog2\/wp-json\/wp\/v2\/users\/1"}],"replies":[{"embeddable":true,"href":"https:\/\/www.jz-heubach.de\/blog2\/wp-json\/wp\/v2\/comments?post=380"}],"version-history":[{"count":7,"href":"https:\/\/www.jz-heubach.de\/blog2\/wp-json\/wp\/v2\/pages\/380\/revisions"}],"predecessor-version":[{"id":117088,"href":"https:\/\/www.jz-heubach.de\/blog2\/wp-json\/wp\/v2\/pages\/380\/revisions\/117088"}],"wp:attachment":[{"href":"https:\/\/www.jz-heubach.de\/blog2\/wp-json\/wp\/v2\/media?parent=380"}],"curies":[{"name":"wp","href":"https:\/\/api.w.org\/{rel}","templated":true}]}}