{"id":2214,"date":"2011-07-19T21:26:59","date_gmt":"2011-07-19T20:26:59","guid":{"rendered":"http:\/\/www.jz-heubach.de\/blog2\/?page_id=2214"},"modified":"2023-02-28T21:24:33","modified_gmt":"2023-02-28T20:24:33","slug":"kampfrichter-2","status":"publish","type":"page","link":"https:\/\/www.jz-heubach.de\/blog2\/leute\/kampfrichter-2\/","title":{"rendered":"Kampfrichter"},"content":{"rendered":"<p>Der W\u00fcrttembergische Judoverband bietet f\u00fcr alle Judoka eine Ausbildung zum Kampfrichter an. In den Lizenzstufen kann nach einer Pr\u00fcfung auf der Matte geschiedst werden. Einen Einstieg in das Kampfrichterwesen bietet der WJV schon f\u00fcr Kinder an, eine Ausbildung zum Jugendkampfrichter erm\u00f6glicht einen fr\u00fchen Einblick in die Kampfrichterei und er\u00f6ffnet eine andere Sicht auf die Sportart Judo als die des Wettk\u00e4mpfers. F\u00fcr Erwachsene ist die Kampfrichterei eine Alternative oder eine parallele Laufbahn zur der des Wettk\u00e4mpfers.<\/p>\n<p>Alle Interessierten k\u00f6nnen sich auf der Homepage des WJV informieren.<\/p>\n<p><img loading=\"lazy\" decoding=\"async\" class=\"alignnone size-medium wp-image-108528\" src=\"https:\/\/www.jz-heubach.de\/blog2\/wp-content\/uploads\/2018\/01\/DSC04357-300x225.jpg\" alt=\"\" width=\"300\" height=\"225\" srcset=\"https:\/\/www.jz-heubach.de\/blog2\/wp-content\/uploads\/2018\/01\/DSC04357-300x225.jpg 300w, https:\/\/www.jz-heubach.de\/blog2\/wp-content\/uploads\/2018\/01\/DSC04357-768x576.jpg 768w, https:\/\/www.jz-heubach.de\/blog2\/wp-content\/uploads\/2018\/01\/DSC04357-1024x768.jpg 1024w\" sizes=\"auto, (max-width: 300px) 100vw, 300px\" \/><\/p>\n<p>WJV Lehrgang 2018:<\/p>\n<p>vorne:\u00a0Simon Weckerle, Tobias Wirth, Jonas Reitzig, Heike Barth, Peter Graf, Sven Albrecht<br \/>\nhinten: Klaus Aschmann, Clemens Bernhard, Jemin Velispahic, Niklas Reitzig<\/p>\n<p>Im JZ Heubach engagieren sich mehrere Judoka ehrenamtlich im Kampfrichterwesen:<\/p>\n<p><strong>Unsere Kampfrichter:<\/strong><\/p>\n<p><strong>Bundes &#8211; und Gruppenkampfrichter:<\/strong><\/p>\n<ul>\n<li>Sven Albrecht, DJB A,<\/li>\n<li>Heike Barth, DJB A, WJV\u00a0Kampfrichterreferentin<\/li>\n<li>Simon Weckerle, DJB A<\/li>\n<li>Erwin Berhard, DJB B<\/li>\n<li>Peter Graf, DJB B<\/li>\n<li>Tobias Wirth, DJB A<\/li>\n<li>Jonas Reitzig, DJB B<\/li>\n<\/ul>\n<p><strong>Unsere Verbands- und Landeskampfrichter:<\/strong><\/p>\n<ul>\n<li>Jemin Velispahic WJV D<\/li>\n<li>Clemens Bernhard WJV E<\/li>\n<\/ul>\n<p><strong>Ruhende Lizenzen \/ Ehemalige:<\/strong><\/p>\n<ul>\n<li>Klaus Aschmann, WJV C<\/li>\n<li>Frieder B\u00fchler,<\/li>\n<li>Sabrina Geller, WJV E<\/li>\n<li>Sven Koch, WJV D<\/li>\n<li>Henning Necker,\u00a0 WJV D<\/li>\n<li>Theresa Geller, WJV E<\/li>\n<li>Niklas Reitzig WJV E<\/li>\n<li>Hannes Schmid WJV F<\/li>\n<li>Tom Kreuder WJV G<\/li>\n<\/ul>\n","protected":false},"excerpt":{"rendered":"<p>Der W\u00fcrttembergische Judoverband bietet f\u00fcr alle Judoka eine Ausbildung zum Kampfrichter an. In den Lizenzstufen kann nach einer Pr\u00fcfung auf der Matte geschiedst werden. Einen Einstieg in das Kampfrichterwesen bietet der WJV schon f\u00fcr Kinder an, eine Ausbildung zum Jugendkampfrichter erm\u00f6glicht einen fr\u00fchen Einblick in die Kampfrichterei und er\u00f6ffnet eine andere Sicht auf die Sportart &hellip; <a href=\"https:\/\/www.jz-heubach.de\/blog2\/leute\/kampfrichter-2\/\" class=\"more-link\"><span class=\"screen-reader-text\">Kampfrichter<\/span> weiterlesen <span class=\"meta-nav\">&rarr;<\/span><\/a><\/p>\n","protected":false},"author":1,"featured_media":0,"parent":9,"menu_order":50,"comment_status":"closed","ping_status":"closed","template":"","meta":{"footnotes":""},"class_list":["post-2214","page","type-page","status-publish","hentry"],"publishpress_future_action":{"enabled":false,"date":"2026-05-09 17:38:39","action":"change-status","newStatus":"draft","terms":[],"taxonomy":"","extraData":[]},"publishpress_future_workflow_manual_trigger":{"enabledWorkflows":[]},"_links":{"self":[{"href":"https:\/\/www.jz-heubach.de\/blog2\/wp-json\/wp\/v2\/pages\/2214","targetHints":{"allow":["GET"]}}],"collection":[{"href":"https:\/\/www.jz-heubach.de\/blog2\/wp-json\/wp\/v2\/pages"}],"about":[{"href":"https:\/\/www.jz-heubach.de\/blog2\/wp-json\/wp\/v2\/types\/page"}],"author":[{"embeddable":true,"href":"https:\/\/www.jz-heubach.de\/blog2\/wp-json\/wp\/v2\/users\/1"}],"replies":[{"embeddable":true,"href":"https:\/\/www.jz-heubach.de\/blog2\/wp-json\/wp\/v2\/comments?post=2214"}],"version-history":[{"count":22,"href":"https:\/\/www.jz-heubach.de\/blog2\/wp-json\/wp\/v2\/pages\/2214\/revisions"}],"predecessor-version":[{"id":114244,"href":"https:\/\/www.jz-heubach.de\/blog2\/wp-json\/wp\/v2\/pages\/2214\/revisions\/114244"}],"up":[{"embeddable":true,"href":"https:\/\/www.jz-heubach.de\/blog2\/wp-json\/wp\/v2\/pages\/9"}],"wp:attachment":[{"href":"https:\/\/www.jz-heubach.de\/blog2\/wp-json\/wp\/v2\/media?parent=2214"}],"curies":[{"name":"wp","href":"https:\/\/api.w.org\/{rel}","templated":true}]}}