{"id":116878,"date":"2025-02-02T22:00:58","date_gmt":"2025-02-02T21:00:58","guid":{"rendered":"https:\/\/www.jz-heubach.de\/blog2\/?page_id=116878"},"modified":"2025-02-06T20:06:49","modified_gmt":"2025-02-06T19:06:49","slug":"nutzungs-und-datenschutzvertraege","status":"publish","type":"page","link":"https:\/\/www.jz-heubach.de\/blog2\/judopass\/nutzungs-und-datenschutzvertraege\/","title":{"rendered":"Nutzungs- und Datenschutzvertr\u00e4ge"},"content":{"rendered":"\n<p>Der Deutsche Judobund (DJB) und der W\u00fcrttembergische Judoverband (WJV) m\u00f6chte die Nutzer des digitalen Judopasses und des damit verbundenen Judoportals (Dokume) besser \u00fcber die Nutzungsbedingungen und die Verarbeitung ihrer personenbezogenen Daten aufkl\u00e4ren. Dazu werden Nutzungsbedingungen und Datenschutzerkl\u00e4rungen (&#8222;Vertr\u00e4ge&#8220;) bereitgestellt, denen die Nutzer sp\u00e4testens zum 28.02.2025 explizit zustimmen m\u00fcssen. <strong>Ohne<\/strong> eine Zustimmung jedes einzelnen Judopassinhabers ist die Zuweisung der digitalen &#8222;Jahressichtmarke&#8220; zum 01.03.2025 und damit eine Nutzung des digitalen Judopasses und die Teilnahme an Wettk\u00e4mpfen und G\u00fcrtelpr\u00fcfungen <strong>nicht<\/strong> m\u00f6glich.  (Auf WJV-Ebene ist der Papier-Judopass noch \u00fcbergangsweise bis zum 31.07.2025 g\u00fcltig.)<\/p>\n\n\n\n<div class=\"wp-block-group\"><div class=\"wp-block-group__inner-container is-layout-constrained wp-block-group-is-layout-constrained\">\n<p class=\"has-background\" style=\"background-color:#f8e7e0\"><strong>Um die notwendige Zustimmung selbst erteilen zu k\u00f6nnen, m\u00fcssen Nutzer des digitalen Judopasses in ihren Daten eine g\u00fcltige Emailadresse angeben.<\/strong> Die Emailadresse ist f\u00fcr DJB und WJV sichtbar. <a href=\"https:\/\/www.jz-heubach.de\/blog2\/judopass\/e-mail-adresse-in-judopass-app-nachtragen\/\" target=\"_blank\" rel=\"noreferrer noopener\">Wie eine Emailadresse angegeben werden kann, ist hier nachzulesen.<\/a> Nach einiger Zeit bekommt ihr eine Email vom Deutschen Judobund (&#8222;Zustimmung zu  Datenschutz und Nutzungsbedingungen erforderlich&#8220;) an die hinterlegte Adresse, mit der ihr in Dokume auf eine Seite geleitet werdet, auf der ihr die Vertr\u00e4ge einsehen und ihnen zustimmen k\u00f6nnt.<\/p>\n<\/div><\/div>\n\n\n\n<p>Ihr k\u00f6nnt die Vertr\u00e4ge vorab hier nachlesen:<\/p>\n\n\n\n<p><strong>Vertr\u00e4ge des  Deutschen Judobundes:<\/strong><br \/><a href=\"https:\/\/www.jz-heubach.de\/2025\/Vertraege_Mitglieder\/Nutzungsbedingungen_DJB_2025.pdf\" target=\"_blank\" rel=\"noreferrer noopener\">Nutzungsbedingungen_DJB_2025.pdf<\/a><br \/><a href=\"https:\/\/www.jz-heubach.de\/2025\/Vertraege_Mitglieder\/Datenschutzerkl\u00e4rung_DJB_2025.pdf\" target=\"_blank\" rel=\"noreferrer noopener\">Datenschutzerkl\u00e4rung_DJB_2025.pdf<\/a><\/p>\n\n\n\n<p><strong>Vertr\u00e4ge des W\u00fcrttembergischen Judoverbandes:<\/strong><br \/><a href=\"https:\/\/www.jz-heubach.de\/2025\/Vertraege_Mitglieder\/Nutzungsbedingungen_WJV_2025.pdf\" target=\"_blank\" rel=\"noreferrer noopener\">Nutzungsbedingungen_WJV_2025.pdf<\/a><br \/><a href=\"https:\/\/www.jz-heubach.de\/2025\/Vertraege_Mitglieder\/Datenschutzerkl\u00e4rung_WJV_2025.pdf\" target=\"_blank\" rel=\"noreferrer noopener\">Datenschutzerkl\u00e4rung_WJV_2025.pdf<\/a><\/p>\n\n\n\n<p>F\u00fcr einen schnellen \u00dcberblick hier noch eine kurze, <strong>komplett<\/strong> <strong>unverbindliche<\/strong> Zusammenfassung  zu den Vertr\u00e4gen:<\/p>\n\n\n\n<p><strong>Nutzungsbedingungen<\/strong> (DJB und WJV sind sehr \u00e4hnlich):<\/p>\n\n\n\n<ul class=\"wp-block-list\">\n<li>F\u00fcr den digitalen Judopass und andere Dienstleistungen (z. B. Wettkampflizenz) stellt der DJB das DJB-Portal und die JudoPass App bereit.<\/li>\n\n\n\n<li>F\u00fcr die Nutzung musst Du ein Nutzerkonto anlegen. Wenn Du noch nicht vollj\u00e4hrig bist, m\u00fcssen Deine Eltern ein eigenes Konto anlegen und f\u00fcr dich ein Unterkonto.<\/li>\n\n\n\n<li>Der DJB beginnt in der Regel sofort mit der Ausstellung von Nutzerkonten oder Judop\u00e4ssen. Du (oder Deine Eltern) verzichtest deshalb ausdr\u00fccklich auf das 14-t\u00e4gige Widerrufsrecht.<\/li>\n\n\n\n<li>Du darfst nur ein Nutzerkonto bzw. ein eigenes Unterkonto besitzen. Du darfst maximal einen Judopass besitzen.<\/li>\n\n\n\n<li>Du musst deine Daten wahrheitsgem\u00e4\u00df und vollst\u00e4ndig angeben.<\/li>\n\n\n\n<li>Wenn Du (bewusst) falsche Daten angibst, kann der DJB den Zugang zum Portal oder zum Judopass sperren. Du hast keinen Anspruch auf Nutzung des Portals oder die Ausstellung eines Judopasses.<\/li>\n\n\n\n<li>Der Zugang zum DJB-Portal und deinem Judopass l\u00e4uft so lange, bis du ihn k\u00fcndigst. Manche Daten werden bei der K\u00fcndigung nicht automatisch gel\u00f6scht. Du solltest auf jeden Fall vor der K\u00fcndigung deine Daten exportieren, damit deine G\u00fcrtelpr\u00fcfungen usw. nicht verloren gehen.<\/li>\n\n\n\n<li>Du erlaubst dem DJB, mittels E-Mail oder anderer elektronischer Mittel Kontakt zu dir aufzunehmen (statt dir z. B. einen Brief zu schreiben).<\/li>\n\n\n\n<li>Du h\u00e4ltst Nutzername und Passwort f\u00fcr dein Konto geheim und gibst sie nicht an Dritte weiter.<\/li>\n\n\n\n<li>Der DJB darf deine personenbezogenen Daten f\u00fcr die Ausstellung eines Judopasses, f\u00fcr G\u00fcrtelpr\u00fcfungen und andere Zwecke verwenden. Wenn du j\u00fcnger als 16 Jahre bist, d\u00fcrfen deine Eltern der Verarbeitung deiner personenbezogenen Daten widersprechen. In diesem Fall wird der Judopass gesperrt und kann nicht mehr verwendet werden.<\/li>\n<\/ul>\n\n\n\n<p><strong>Datenschutzerkl\u00e4rungen<\/strong> (DJB und WJV sind sehr \u00e4hnlich):<\/p>\n\n\n\n<ul class=\"wp-block-list\">\n<li>DJB und WJV erkl\u00e4ren, deine personenbezogenen Daten in \u00dcbereinstimmung mit der europ\u00e4ischen Datenschutzgrundverordnung zu erfassen, zu speichern und zu verarbeiten.<\/li>\n\n\n\n<li>Sie erkl\u00e4ren detailliert, welche personenbezogenen Daten wann und wie erfasst, verarbeitet, wie lange gespeichert und mit wem geteilt werden.<\/li>\n\n\n\n<li>Sie kl\u00e4ren auf, welche Rechte du in Bezug auf deine personenbezogenen Daten hast (z. B. Rechte auf Auskunft zu gespeicherten Daten, Berichtigung falscher Daten, L\u00f6schung von Daten, &#8230;)<\/li>\n<\/ul>\n","protected":false},"excerpt":{"rendered":"<p>Der Deutsche Judobund (DJB) und der W\u00fcrttembergische Judoverband (WJV) m\u00f6chte die Nutzer des digitalen Judopasses und des damit verbundenen Judoportals (Dokume) besser \u00fcber die Nutzungsbedingungen und die Verarbeitung ihrer personenbezogenen Daten aufkl\u00e4ren. Dazu werden Nutzungsbedingungen und Datenschutzerkl\u00e4rungen (&#8222;Vertr\u00e4ge&#8220;) bereitgestellt, denen die Nutzer sp\u00e4testens zum 28.02.2025 explizit zustimmen m\u00fcssen. Ohne eine Zustimmung jedes einzelnen Judopassinhabers ist &hellip; <a href=\"https:\/\/www.jz-heubach.de\/blog2\/judopass\/nutzungs-und-datenschutzvertraege\/\" class=\"more-link\"><span class=\"screen-reader-text\">Nutzungs- und Datenschutzvertr\u00e4ge<\/span> weiterlesen <span class=\"meta-nav\">&rarr;<\/span><\/a><\/p>\n","protected":false},"author":1,"featured_media":0,"parent":116538,"menu_order":0,"comment_status":"closed","ping_status":"closed","template":"","meta":{"footnotes":""},"class_list":["post-116878","page","type-page","status-publish","hentry"],"publishpress_future_action":{"enabled":false,"date":"2026-05-21 23:31:46","action":"change-status","newStatus":"draft","terms":[],"taxonomy":"","extraData":[]},"publishpress_future_workflow_manual_trigger":{"enabledWorkflows":[]},"_links":{"self":[{"href":"https:\/\/www.jz-heubach.de\/blog2\/wp-json\/wp\/v2\/pages\/116878","targetHints":{"allow":["GET"]}}],"collection":[{"href":"https:\/\/www.jz-heubach.de\/blog2\/wp-json\/wp\/v2\/pages"}],"about":[{"href":"https:\/\/www.jz-heubach.de\/blog2\/wp-json\/wp\/v2\/types\/page"}],"author":[{"embeddable":true,"href":"https:\/\/www.jz-heubach.de\/blog2\/wp-json\/wp\/v2\/users\/1"}],"replies":[{"embeddable":true,"href":"https:\/\/www.jz-heubach.de\/blog2\/wp-json\/wp\/v2\/comments?post=116878"}],"version-history":[{"count":9,"href":"https:\/\/www.jz-heubach.de\/blog2\/wp-json\/wp\/v2\/pages\/116878\/revisions"}],"predecessor-version":[{"id":116906,"href":"https:\/\/www.jz-heubach.de\/blog2\/wp-json\/wp\/v2\/pages\/116878\/revisions\/116906"}],"up":[{"embeddable":true,"href":"https:\/\/www.jz-heubach.de\/blog2\/wp-json\/wp\/v2\/pages\/116538"}],"wp:attachment":[{"href":"https:\/\/www.jz-heubach.de\/blog2\/wp-json\/wp\/v2\/media?parent=116878"}],"curies":[{"name":"wp","href":"https:\/\/api.w.org\/{rel}","templated":true}]}}