{"id":108921,"date":"2018-05-23T21:12:55","date_gmt":"2018-05-23T20:12:55","guid":{"rendered":"http:\/\/www.jz-heubach.de\/blog2\/?page_id=108921"},"modified":"2019-01-20T22:11:28","modified_gmt":"2019-01-20T21:11:28","slug":"datenschutzerklaerung","status":"publish","type":"page","link":"https:\/\/www.jz-heubach.de\/blog2\/datenschutzerklaerung\/","title":{"rendered":"Datenschutz"},"content":{"rendered":"<h2>Wer wir sind<\/h2>\n<p>Die Adresse der Internetseite des Judozentrums Heubach e. V. ist: http:\/\/www.jz-heubach.de\/blog2.<\/p>\n<p>Verantwortlich f\u00fcr die Datenverarbeitung auf dieser Internetseite ist das\u00a0Judozentrum Heubach e. V. Unsere Adresse und Kontaktdaten sind <a href=\"https:\/\/www.jz-heubach.de\/blog2\/?page_id=400\" target=\"_blank\" rel=\"noopener\">auf unserer Kontaktseite<\/a> zu finden.<\/p>\n<h2>Welche personenbezogenen Daten wir sammeln und warum wir sie sammeln<\/h2>\n<h3>Cookies<\/h3>\n<p>Wenn Sie einen Kommentar auf unserer Internetseite schreiben, kann das eine Einwilligung sein, Ihren Namen, E-Mail-Adresse und Internetseite in Cookies zu speichern. Dies ist eine Komfortfunktion, damit Sie nicht, wenn Sie einen weiteren Kommentar schreibsen, all diese Daten erneut eingeben musst. Diese Cookies werden ein Jahr lang gespeichert.<\/p>\n<p>Falls Sie ein Konto auf unserer Internetseite haben und sich auf dieser Internetseite anmelden, werden wir ein tempor\u00e4res Cookie setzen, um festzustellen, ob Ihr Browser Cookies akzeptiert. Dieses Cookie enth\u00e4lt keine personenbezogenen Daten und wird verworfen, wenn Sie Ihr Browser schliessen.<\/p>\n<p>Wenn Sie sich auf unserer Internetseite anmelden, werden wir einige Cookies einrichten, um Ihre Anmeldeinformationen und Anzeigeoptionen zu speichern. Anmelde-Cookies verfallen nach zwei Tagen und Cookies f\u00fcr die Anzeigeoptionen nach einem Jahr. Falls Sie bei der Anmeldung \u201eAngemeldet bleiben\u201c ausw\u00e4hlen, wird Ihre Anmeldung zwei Wochen lang aufrechterhalten. Mit der Abmeldung aus Ihrem Konto werden die Anmelde-Cookies gel\u00f6scht.<\/p>\n<p>Wenn Sie einen Artikel bearbeiten oder ver\u00f6ffentlichen, wird ein zus\u00e4tzlicher Cookie in Ihrem Browser gespeichert. Dieser Cookie enth\u00e4lt keine personenbezogenen Daten und verweist nur auf die Beitrags-ID des Artikels, den Sie gerade bearbeitet haben. Der Cookie verf\u00e4llt nach einem Tag.<\/p>\n<h3>G\u00e4stebuch<\/h3>\n<p>Wenn Sie Nachrichten in unserem G\u00e4stebuch hinterlassen, werden Ihr Name, Ihre Nachricht und der Ver\u00f6ffentlichungszeitpunkt auf unserer Internetseite ver\u00f6ffentlicht. Ihre E-Mail-Adresse, IP-Adresse und der Server, von dem die Nachricht verschickt wurde, \u00a0werden ebenfalls gespeichert, aber nicht ver\u00f6ffentlicht.<\/p>\n<h3>Eingebettete Inhalte von anderen Internetseiten<\/h3>\n<p>Beitr\u00e4ge auf dieser Internetseite k\u00f6nnen eingebettete Inhalte beinhalten (z.\u00a0B. Videos, Bilder, Beitr\u00e4ge etc.). Eingebettete Inhalte von anderen Internetseiten verhalten sich exakt so, als ob der Besucher die andere Internetseite besucht h\u00e4tte.<\/p>\n<p>Diese Internetseiten k\u00f6nnen Daten sammeln, Cookies benutzen, zus\u00e4tzliche Tracking-Dienste von Dritten einbetten und Ihre Interaktion mit diesem eingebetteten Inhalt aufzeichnen, inklusive Ihrer Interaktion mit dem eingebetteten Inhalt, falls Sie ein Konto haben und auf dieser Internetseite angemeldet sind.<\/p>\n<p>Unsere Internetseite verwendet Schriftarten von Google, welche beim Aufruf dieser Seite von fonts.googleapis.com geladen werden k\u00f6nnen. Durch diesen Verbindungsaufbau werden\u00a0die IP-Adresse des Ger\u00e4tes, mit dem Sie auf die Internetseite oder einen Dienst zugreifen, die Art des Browsers, mit dem Sie zugreifen, die Internetseite, die Sie zuvor besucht haben, Ihre Systemkonfiguration sowie Datum und Zeitangaben an\u00a0fonts.googleapis.com \u00fcbertragen.<\/p>\n<h3>Analysedienste<\/h3>\n<p>Wir verwenden keine Analyse- oder Tracking-Dienste, die das Nutzerverhalten auf unserer Internetseite analysieren oder aufzeichnen.<\/p>\n<h3>Logdaten, die unser Webhoster aufzeichnet<\/h3>\n<p>Diese Internetseite ist auf einem Server eines Webhosters gespeichert. Wenn Sie die Internetseite aufrufen, \u00fcbermitteln Sie bestimmte Log-Daten an den Webhoster. Log-Daten enthalten die IP-Adresse des Ger\u00e4tes, mit dem Sie auf die Internetseite oder einen Dienst zugreifen, die Art des Browsers, mit dem Sie zugreifen, die Internetseite, die Sie zuvor besucht haben, Ihre Systemkonfiguration sowie Datum und Zeitangaben.<\/p>\n<p><a href=\"https:\/\/www.strato.de\/datenschutz\/\" target=\"_blank\" rel=\"noopener\">Die vollst\u00e4ndige Datenschutzerkl\u00e4rung unseres Webhosters finden Sie unter diesem Link.<\/a><\/p>\n<h2>Mit wem wir Ihre Daten teilen<\/h2>\n<p>Die von Ihnen ver\u00f6ffentlichten Beitr\u00e4ge, Kommentare oder Eintr\u00e4ge im G\u00e4stebuch auf dieser Internetseite sind unter Ihrem Nutzernamen, dem Ver\u00f6ffentlichungszeitpunkt und ggf. Ihrer E-Mailadresse \u00a0weltweit im Internet sichtbar.<\/p>\n<h2>Wohin wir deine Daten senden<\/h2>\n<p>Besucher-Kommentare k\u00f6nnen von einem automatisierten Dienst zur Spam-Erkennung untersucht werden.<\/p>\n<h2>Wie lange wir Ihre Daten speichern<\/h2>\n<p>Wenn Sie einen Kommentar schreiben, wird dieser inklusive Metadaten zeitlich unbegrenzt gespeichert. Auf diese Art k\u00f6nnen wir Folgekommentare automatisch erkennen und freigeben, anstelle sie in einer Moderations-Warteschlange festzuhalten.<\/p>\n<p>F\u00fcr Benutzer, die sich auf unserer Internetseite registrieren, speichern wir zus\u00e4tzlich die pers\u00f6nlichen Informationen, die sie in ihren Benutzerprofilen angeben. Alle Benutzer k\u00f6nnen jederzeit ihre pers\u00f6nlichen Informationen einsehen, ver\u00e4ndern oder l\u00f6schen (der Benutzername kann nicht ver\u00e4ndert werden). Administratoren der Internetseite k\u00f6nnen diese Informationen ebenfalls einsehen und ver\u00e4ndern.<\/p>\n<h2>Welche Rechte Sie an Ihren Daten haben<\/h2>\n<p>Wenn Sie ein Konto auf dieser Internetseite besitzen oder Kommentare geschrieben haben, k\u00f6nnen Sie einen Export Ihrer personenbezogenen Daten bei uns anfordern, inklusive aller Daten, die Sie uns mitgeteilt haben. Dar\u00fcber hinaus k\u00f6nnen Sie die L\u00f6schung aller personenbezogenen Daten, die wir von Ihnen gespeichert haben, anfordern. Dies umfasst nicht die Daten, die wir aufgrund administrativer, rechtlicher oder sicherheitsrelevanter Notwendigkeiten aufbewahren m\u00fcssen oder an denen ein berechtigtes Interesse des Vereins an der zeitgeschichtlichen Dokumentation von sportlichen Ereignissen und Erfolgen besteht (Vereinschronik).<\/p>\n<p>Bei einer Datenschutzverletzung durch uns haben Sie das Recht, sich bei der zust\u00e4ndigen Datenschutzbeh\u00f6rde zu beschweren. Eine Liste der Landesdatenschutzbeauftragten finden Sie unter dem Link:\u00a0<a href=\"https:\/\/www.bfdi.bund.de\/DE\/Infothek\/Anschriften_Links\/anschriften_links-node.html\" target=\"_blank\" rel=\"noopener\">https:\/\/www.bfdi.bund.de\/DE\/Infothek\/Anschriften_Links\/anschriften_links-node.html<\/a><\/p>\n<h3><\/h3>\n","protected":false},"excerpt":{"rendered":"<p>Wer wir sind Die Adresse der Internetseite des Judozentrums Heubach e. V. ist: http:\/\/www.jz-heubach.de\/blog2. Verantwortlich f\u00fcr die Datenverarbeitung auf dieser Internetseite ist das\u00a0Judozentrum Heubach e. V. Unsere Adresse und Kontaktdaten sind auf unserer Kontaktseite zu finden. Welche personenbezogenen Daten wir sammeln und warum wir sie sammeln Cookies Wenn Sie einen Kommentar auf unserer Internetseite schreiben, &hellip; <a href=\"https:\/\/www.jz-heubach.de\/blog2\/datenschutzerklaerung\/\" class=\"more-link\"><span class=\"screen-reader-text\">Datenschutz<\/span> weiterlesen <span class=\"meta-nav\">&rarr;<\/span><\/a><\/p>\n","protected":false},"author":1,"featured_media":0,"parent":0,"menu_order":100,"comment_status":"closed","ping_status":"closed","template":"","meta":{"footnotes":""},"class_list":["post-108921","page","type-page","status-publish","hentry"],"publishpress_future_action":{"enabled":false,"date":"2026-04-19 10:36:30","action":"change-status","newStatus":"draft","terms":[],"taxonomy":"","extraData":[]},"publishpress_future_workflow_manual_trigger":{"enabledWorkflows":[]},"_links":{"self":[{"href":"https:\/\/www.jz-heubach.de\/blog2\/wp-json\/wp\/v2\/pages\/108921","targetHints":{"allow":["GET"]}}],"collection":[{"href":"https:\/\/www.jz-heubach.de\/blog2\/wp-json\/wp\/v2\/pages"}],"about":[{"href":"https:\/\/www.jz-heubach.de\/blog2\/wp-json\/wp\/v2\/types\/page"}],"author":[{"embeddable":true,"href":"https:\/\/www.jz-heubach.de\/blog2\/wp-json\/wp\/v2\/users\/1"}],"replies":[{"embeddable":true,"href":"https:\/\/www.jz-heubach.de\/blog2\/wp-json\/wp\/v2\/comments?post=108921"}],"version-history":[{"count":10,"href":"https:\/\/www.jz-heubach.de\/blog2\/wp-json\/wp\/v2\/pages\/108921\/revisions"}],"predecessor-version":[{"id":109711,"href":"https:\/\/www.jz-heubach.de\/blog2\/wp-json\/wp\/v2\/pages\/108921\/revisions\/109711"}],"wp:attachment":[{"href":"https:\/\/www.jz-heubach.de\/blog2\/wp-json\/wp\/v2\/media?parent=108921"}],"curies":[{"name":"wp","href":"https:\/\/api.w.org\/{rel}","templated":true}]}}